{"id":104,"date":"2021-07-09T14:07:56","date_gmt":"2021-07-09T12:07:56","guid":{"rendered":"https:\/\/www.executive-resonance-room.com\/?page_id=104"},"modified":"2021-08-23T13:12:19","modified_gmt":"2021-08-23T11:12:19","slug":"by-andreas-neuman","status":"publish","type":"page","link":"https:\/\/www.executive-resonance-room.com\/de\/by-andreas-neuman\/","title":{"rendered":"by Andreas Neuman"},"content":{"rendered":"\n<h2>Beruflicher Werdegang<\/h2>\n\n\n\n<p>Ich bin ausgebildeter Rechtsanwalt und habe an der Ludwig-Maximilians-Universit\u00e4t M\u00fcnchen promoviert. Ich lebe und arbeite im Rheingau, in der N\u00e4he von Frankfurt\/Main und auch in Massa Marittima in Italien.<br>Als ehemaliger Senior Executive und fr\u00fcheres Mitglied des Vorstandes von Boehringer Ingelheim, wei\u00df ich, was es hei\u00dft, ein Unternehmen zu f\u00fchren, Verantwortung f\u00fcr eine gro\u00dfe Organisation zu \u00fcbernehmen und unterschiedlichste Interessen zusammenzubringen. \u00dcber 20 Jahre lang war ich in leitenden Positionen \u2013 sowohl in b\u00f6rsennotierten Unternehmen wie dem Eon Konzern und General Electric \u2013 als auch in Familienunternehmen t\u00e4tig.<\/p>\n\n\n\n<p>Arbeits- und Lebenserfahrung habe ich in Europa (von Deutschland bis in die nordischen L\u00e4nder und Frankreich), aber auch in den USA, gesammelt.<\/p>\n\n\n\n<p class=\"err-subhead\">Ich habe die Arbeit in einem globalen Umfeld mit einem internationalen Team schon immer sehr gesch\u00e4tzt. Das Interesse an Innovation, Life Sciences und Menschen, z\u00e4hlt zu meinen gro\u00dfen Leidenschaften. Den Executive Resonance Room habe ich geschaffen, weil ich meine Gesch\u00e4fts- und Mitarbeitererfahrungen teilen m\u00f6chte \u2013 von F\u00fchrungskraft zu F\u00fchrungskraft \u2013 und andere Manager dabei unterst\u00fctzen will, den Unternehmenszweck, die Gesch\u00e4ftsstrategie und die Personalagenda miteinander zu verbinden.<\/p>\n\n\n\n<h2>Pers\u00f6nlicher Hintergrund<\/h2>\n\n\n\n<p>Ich bin seit \u00fcber 30 Jahren mit meiner Frau Rike verheiratet, die K\u00fcnstlerin ist. Noch als Studenten (Rike in Florenz und ich an der Universit\u00e4t in M\u00fcnchen) wurden wir Eltern einer Tochter und pendelten zwischen beiden St\u00e4dten hin und her.<\/p>\n\n\n\n<p>Vor einigen Jahren entdeckten wir unsere Leidenschaft f\u00fcr den argentinischen Tango. Ein Tanz, der eine wundervolle Br\u00fccke zwischen Tradition und Moderne schl\u00e4gt.<\/p>\n\n\n\n<p class=\"err-subhead\">Ich habe Wertvolles vom argentinischen Tango f\u00fcr meine Arbeit als Vorstand mitgenommen, n\u00e4mlich: Vertrauen, Verbundenheit und Fokussierung setzen bemerkenswerte Kr\u00e4fte frei!<\/p>\n\n\n\n<p>Mein Weg und meine Pers\u00f6nlichkeit wurden u.a. durch meine Auslandsaufenthalte bestimmt. Ich habe \u00fcber zehn Jahre im Ausland, sowohl in Europa, als auch in Nordamerika gelebt. Nichts hat mich st\u00e4rker gepr\u00e4gt als ein Jahr an der Friends School in Baltimore, Maryland, USA, die ich mit 16 Jahren besucht und in der ich f\u00fcr mich gelernt habe:<\/p>\n\n\n\n<p class=\"err-subhead\">Mit gro\u00dfem Interesse, Dinge zu hinterfragen. Wie bedeutend es ist, gut zuzuh\u00f6ren und dass es wichtig ist, vielf\u00e4ltigen Perspektiven offen gegen\u00fcber zu sein.<br>Die Friends School in Baltimore ist ein magischer Ort, der einen gro\u00dfen Teil dazu beigetragen hat, wer ich heute bin.<\/p>\n\n\n\n<p><\/p>\n","protected":false},"excerpt":{"rendered":"<p>Beruflicher Werdegang Ich bin ausgebildeter Rechtsanwalt und habe an der Ludwig-Maximilians-Universit\u00e4t M\u00fcnchen promoviert. Ich lebe und arbeite im Rheingau, in der N\u00e4he von Frankfurt\/Main und auch in Massa Marittima in Italien.Als ehemaliger Senior Executive und fr\u00fcheres Mitglied des Vorstandes von Boehringer Ingelheim, wei\u00df ich, was es hei\u00dft, ein Unternehmen zu f\u00fchren, Verantwortung f\u00fcr eine gro\u00dfe [&#8230;]<\/p>\n<p><a class=\"btn btn-secondary understrap-read-more-link\" href=\"https:\/\/www.executive-resonance-room.com\/de\/by-andreas-neuman\/\">Weiterlesen&#8230;<\/a><\/p>\n","protected":false},"author":1,"featured_media":109,"parent":0,"menu_order":13,"comment_status":"closed","ping_status":"closed","template":"page-templates\/page-vita.php","meta":[],"yoast_head":"<!-- This site is optimized with the Yoast SEO plugin v16.9 - https:\/\/yoast.com\/wordpress\/plugins\/seo\/ -->\n<title>by Andreas Neuman | Executive Resonance Room<\/title>\n<meta name=\"robots\" content=\"index, follow, max-snippet:-1, max-image-preview:large, max-video-preview:-1\" \/>\n<link rel=\"canonical\" href=\"https:\/\/www.executive-resonance-room.com\/de\/by-andreas-neuman\/\" \/>\n<meta property=\"og:locale\" content=\"de_DE\" \/>\n<meta property=\"og:type\" content=\"article\" \/>\n<meta property=\"og:title\" content=\"by Andreas Neuman | Executive Resonance Room\" \/>\n<meta property=\"og:description\" content=\"Beruflicher Werdegang Ich bin ausgebildeter Rechtsanwalt und habe an der Ludwig-Maximilians-Universit\u00e4t M\u00fcnchen promoviert. Ich lebe und arbeite im Rheingau, in der N\u00e4he von Frankfurt\/Main und auch in Massa Marittima in Italien.Als ehemaliger Senior Executive und fr\u00fcheres Mitglied des Vorstandes von Boehringer Ingelheim, wei\u00df ich, was es hei\u00dft, ein Unternehmen zu f\u00fchren, Verantwortung f\u00fcr eine gro\u00dfe [...]Weiterlesen...\" \/>\n<meta property=\"og:url\" content=\"https:\/\/www.executive-resonance-room.com\/de\/by-andreas-neuman\/\" \/>\n<meta property=\"og:site_name\" content=\"Executive Resonance Room\" \/>\n<meta property=\"article:modified_time\" content=\"2021-08-23T11:12:19+00:00\" \/>\n<meta property=\"og:image\" content=\"https:\/\/www.executive-resonance-room.com\/content\/uploads\/2021\/07\/by-andres-neumann@2x.png\" \/>\n\t<meta property=\"og:image:width\" content=\"694\" \/>\n\t<meta property=\"og:image:height\" content=\"408\" \/>\n<meta name=\"twitter:card\" content=\"summary_large_image\" \/>\n<meta name=\"twitter:label1\" content=\"Gesch\u00e4tzte Lesezeit\" \/>\n\t<meta name=\"twitter:data1\" content=\"2 Minuten\" \/>\n<script type=\"application\/ld+json\" class=\"yoast-schema-graph\">{\"@context\":\"https:\/\/schema.org\",\"@graph\":[{\"@type\":\"Organization\",\"@id\":\"https:\/\/www.executive-resonance-room.com\/#organization\",\"name\":\"Executive Resonance Room\",\"url\":\"https:\/\/www.executive-resonance-room.com\/\",\"sameAs\":[\"https:\/\/www.linkedin.com\/in\/andreas-neumann\/\"],\"logo\":{\"@type\":\"ImageObject\",\"@id\":\"https:\/\/www.executive-resonance-room.com\/#logo\",\"inLanguage\":\"de-DE\",\"url\":\"https:\/\/www.executive-resonance-room.com\/content\/uploads\/2021\/06\/ERR-Favicon.svg\",\"contentUrl\":\"https:\/\/www.executive-resonance-room.com\/content\/uploads\/2021\/06\/ERR-Favicon.svg\",\"width\":64,\"height\":57,\"caption\":\"Executive Resonance Room\"},\"image\":{\"@id\":\"https:\/\/www.executive-resonance-room.com\/#logo\"}},{\"@type\":\"WebSite\",\"@id\":\"https:\/\/www.executive-resonance-room.com\/#website\",\"url\":\"https:\/\/www.executive-resonance-room.com\/\",\"name\":\"Executive Resonance Room\",\"description\":\"by Andreas Neumann\",\"publisher\":{\"@id\":\"https:\/\/www.executive-resonance-room.com\/#organization\"},\"potentialAction\":[{\"@type\":\"SearchAction\",\"target\":{\"@type\":\"EntryPoint\",\"urlTemplate\":\"https:\/\/www.executive-resonance-room.com\/?s={search_term_string}\"},\"query-input\":\"required name=search_term_string\"}],\"inLanguage\":\"de-DE\"},{\"@type\":\"ImageObject\",\"@id\":\"https:\/\/www.executive-resonance-room.com\/de\/by-andreas-neuman\/#primaryimage\",\"inLanguage\":\"de-DE\",\"url\":\"https:\/\/www.executive-resonance-room.com\/content\/uploads\/2021\/07\/by-andres-neumann@2x.png\",\"contentUrl\":\"https:\/\/www.executive-resonance-room.com\/content\/uploads\/2021\/07\/by-andres-neumann@2x.png\",\"width\":694,\"height\":408,\"caption\":\"by Andreas Neumann\"},{\"@type\":\"WebPage\",\"@id\":\"https:\/\/www.executive-resonance-room.com\/de\/by-andreas-neuman\/#webpage\",\"url\":\"https:\/\/www.executive-resonance-room.com\/de\/by-andreas-neuman\/\",\"name\":\"by Andreas Neuman | Executive Resonance Room\",\"isPartOf\":{\"@id\":\"https:\/\/www.executive-resonance-room.com\/#website\"},\"primaryImageOfPage\":{\"@id\":\"https:\/\/www.executive-resonance-room.com\/de\/by-andreas-neuman\/#primaryimage\"},\"datePublished\":\"2021-07-09T12:07:56+00:00\",\"dateModified\":\"2021-08-23T11:12:19+00:00\",\"breadcrumb\":{\"@id\":\"https:\/\/www.executive-resonance-room.com\/de\/by-andreas-neuman\/#breadcrumb\"},\"inLanguage\":\"de-DE\",\"potentialAction\":[{\"@type\":\"ReadAction\",\"target\":[\"https:\/\/www.executive-resonance-room.com\/de\/by-andreas-neuman\/\"]}]},{\"@type\":\"BreadcrumbList\",\"@id\":\"https:\/\/www.executive-resonance-room.com\/de\/by-andreas-neuman\/#breadcrumb\",\"itemListElement\":[{\"@type\":\"ListItem\",\"position\":1,\"name\":\"Home\",\"item\":\"https:\/\/www.executive-resonance-room.com\/de\/\"},{\"@type\":\"ListItem\",\"position\":2,\"name\":\"by Andreas Neuman\"}]}]}<\/script>\n<!-- \/ Yoast SEO plugin. -->","yoast_head_json":{"title":"by Andreas Neuman | Executive Resonance Room","robots":{"index":"index","follow":"follow","max-snippet":"max-snippet:-1","max-image-preview":"max-image-preview:large","max-video-preview":"max-video-preview:-1"},"canonical":"https:\/\/www.executive-resonance-room.com\/de\/by-andreas-neuman\/","og_locale":"de_DE","og_type":"article","og_title":"by Andreas Neuman | Executive Resonance Room","og_description":"Beruflicher Werdegang Ich bin ausgebildeter Rechtsanwalt und habe an der Ludwig-Maximilians-Universit\u00e4t M\u00fcnchen promoviert. Ich lebe und arbeite im Rheingau, in der N\u00e4he von Frankfurt\/Main und auch in Massa Marittima in Italien.Als ehemaliger Senior Executive und fr\u00fcheres Mitglied des Vorstandes von Boehringer Ingelheim, wei\u00df ich, was es hei\u00dft, ein Unternehmen zu f\u00fchren, Verantwortung f\u00fcr eine gro\u00dfe [...]Weiterlesen...","og_url":"https:\/\/www.executive-resonance-room.com\/de\/by-andreas-neuman\/","og_site_name":"Executive Resonance Room","article_modified_time":"2021-08-23T11:12:19+00:00","og_image":[{"width":694,"height":408,"url":"https:\/\/www.executive-resonance-room.com\/content\/uploads\/2021\/07\/by-andres-neumann@2x.png","path":"\/www\/htdocs\/w01bedc6\/executive-resonance-room.com\/public\/content\/uploads\/2021\/07\/by-andres-neumann@2x.png","size":"full","id":109,"alt":"by Andreas Neumann","pixels":283152,"type":"image\/png"}],"twitter_card":"summary_large_image","twitter_misc":{"Gesch\u00e4tzte Lesezeit":"2 Minuten"},"schema":{"@context":"https:\/\/schema.org","@graph":[{"@type":"Organization","@id":"https:\/\/www.executive-resonance-room.com\/#organization","name":"Executive Resonance Room","url":"https:\/\/www.executive-resonance-room.com\/","sameAs":["https:\/\/www.linkedin.com\/in\/andreas-neumann\/"],"logo":{"@type":"ImageObject","@id":"https:\/\/www.executive-resonance-room.com\/#logo","inLanguage":"de-DE","url":"https:\/\/www.executive-resonance-room.com\/content\/uploads\/2021\/06\/ERR-Favicon.svg","contentUrl":"https:\/\/www.executive-resonance-room.com\/content\/uploads\/2021\/06\/ERR-Favicon.svg","width":64,"height":57,"caption":"Executive Resonance Room"},"image":{"@id":"https:\/\/www.executive-resonance-room.com\/#logo"}},{"@type":"WebSite","@id":"https:\/\/www.executive-resonance-room.com\/#website","url":"https:\/\/www.executive-resonance-room.com\/","name":"Executive Resonance Room","description":"by Andreas Neumann","publisher":{"@id":"https:\/\/www.executive-resonance-room.com\/#organization"},"potentialAction":[{"@type":"SearchAction","target":{"@type":"EntryPoint","urlTemplate":"https:\/\/www.executive-resonance-room.com\/?s={search_term_string}"},"query-input":"required name=search_term_string"}],"inLanguage":"de-DE"},{"@type":"ImageObject","@id":"https:\/\/www.executive-resonance-room.com\/de\/by-andreas-neuman\/#primaryimage","inLanguage":"de-DE","url":"https:\/\/www.executive-resonance-room.com\/content\/uploads\/2021\/07\/by-andres-neumann@2x.png","contentUrl":"https:\/\/www.executive-resonance-room.com\/content\/uploads\/2021\/07\/by-andres-neumann@2x.png","width":694,"height":408,"caption":"by Andreas Neumann"},{"@type":"WebPage","@id":"https:\/\/www.executive-resonance-room.com\/de\/by-andreas-neuman\/#webpage","url":"https:\/\/www.executive-resonance-room.com\/de\/by-andreas-neuman\/","name":"by Andreas Neuman | Executive Resonance Room","isPartOf":{"@id":"https:\/\/www.executive-resonance-room.com\/#website"},"primaryImageOfPage":{"@id":"https:\/\/www.executive-resonance-room.com\/de\/by-andreas-neuman\/#primaryimage"},"datePublished":"2021-07-09T12:07:56+00:00","dateModified":"2021-08-23T11:12:19+00:00","breadcrumb":{"@id":"https:\/\/www.executive-resonance-room.com\/de\/by-andreas-neuman\/#breadcrumb"},"inLanguage":"de-DE","potentialAction":[{"@type":"ReadAction","target":["https:\/\/www.executive-resonance-room.com\/de\/by-andreas-neuman\/"]}]},{"@type":"BreadcrumbList","@id":"https:\/\/www.executive-resonance-room.com\/de\/by-andreas-neuman\/#breadcrumb","itemListElement":[{"@type":"ListItem","position":1,"name":"Home","item":"https:\/\/www.executive-resonance-room.com\/de\/"},{"@type":"ListItem","position":2,"name":"by Andreas Neuman"}]}]}},"_links":{"self":[{"href":"https:\/\/www.executive-resonance-room.com\/de\/wp-json\/wp\/v2\/pages\/104"}],"collection":[{"href":"https:\/\/www.executive-resonance-room.com\/de\/wp-json\/wp\/v2\/pages"}],"about":[{"href":"https:\/\/www.executive-resonance-room.com\/de\/wp-json\/wp\/v2\/types\/page"}],"author":[{"embeddable":true,"href":"https:\/\/www.executive-resonance-room.com\/de\/wp-json\/wp\/v2\/users\/1"}],"replies":[{"embeddable":true,"href":"https:\/\/www.executive-resonance-room.com\/de\/wp-json\/wp\/v2\/comments?post=104"}],"version-history":[{"count":3,"href":"https:\/\/www.executive-resonance-room.com\/de\/wp-json\/wp\/v2\/pages\/104\/revisions"}],"predecessor-version":[{"id":181,"href":"https:\/\/www.executive-resonance-room.com\/de\/wp-json\/wp\/v2\/pages\/104\/revisions\/181"}],"wp:featuredmedia":[{"embeddable":true,"href":"https:\/\/www.executive-resonance-room.com\/de\/wp-json\/wp\/v2\/media\/109"}],"wp:attachment":[{"href":"https:\/\/www.executive-resonance-room.com\/de\/wp-json\/wp\/v2\/media?parent=104"}],"curies":[{"name":"wp","href":"https:\/\/api.w.org\/{rel}","templated":true}]}}